{"id":1136,"date":"2014-03-22T19:08:32","date_gmt":"2014-03-22T18:08:32","guid":{"rendered":"http:\/\/oscarjespers.com\/?page_id=1136"},"modified":"2017-04-21T07:04:36","modified_gmt":"2017-04-21T06:04:36","slug":"oscar-home","status":"publish","type":"page","link":"https:\/\/oscarjespers.com\/de\/","title":{"rendered":"Home"},"content":{"rendered":"<p>[vc_row][vc_column width=&#8220;1\/1&#8243;]<style type=\"text\/css\">@media only screen and (min-width: 1300px) { #nectar-slider-instance-4, #nectar-slider-instance-4 .swiper-container { height: 500px; }  } @media only screen and (max-width: 1299px) { #nectar-slider-instance-4, #nectar-slider-instance-4 .swiper-container { height: 416.66666666667px; }  } @media only screen and (max-width: 1000px) { #nectar-slider-instance-4, #nectar-slider-instance-4 .swiper-container { height: 357.14285714286px; }  } @media only screen and (max-width: 690px) { #nectar-slider-instance-4, #nectar-slider-instance-4 .swiper-container { height: 185.18518518519px; }  } <\/style><div data-midnight=\"nectar-slider\" class=\"parallax_slider_outer \"><div  data-transition=\"swipe\" data-overall_style=\"classic\" data-flexible-height=\"\" data-animate-in-effect=\"none\" data-fullscreen=\"false\" data-button-sizing=\"regular\" data-button-styling=\"btn_with_count\" data-autorotate=\"5000\" data-parallax=\"true\" data-parallax-disable-mobile=\"\" data-caption-trans=\"fade_in_from_bottom\" data-parallax-style=\"bg_only\" data-bg-animation=\"none\" data-full-width=\"true\" class=\"nectar-slider-wrap \" id=\"nectar-slider-instance-4\"><div class=\"swiper-container\"  data-tho=\"auto\" data-tco=\"auto\" data-pho=\"auto\" data-pco=\"auto\" data-loop=\"false\" data-height=\"500\" data-min-height=\"\" data-arrows=\"true\" data-bullets=\"true\" data-bullet_style=\"see_through\" data-bullet_position=\"bottom\" data-desktop-swipe=\"true\" data-settings=\"\"> <div class=\"swiper-wrapper\"><div class=\"swiper-slide\" data-desktop-content-width=\"\" data-tablet-content-width=\"\" data-bg-alignment=\"center\" data-color-scheme=\"light\" data-x-pos=\"left\" data-y-pos=\"middle\" ><div class=\"slide-bg-wrap\"><div class=\"image-bg\" style=\"background-image: url(https:\/\/oscarjespers.com\/wp-content\/uploads\/2014\/03\/slide-12.jpg);\"> &nbsp; <\/div><\/div><div class=\"video-texture \"> <span class=\"ie-fix\"><\/span> <\/div><\/div> <!--\/swiper-slide--><div class=\"swiper-slide\" data-desktop-content-width=\"\" data-tablet-content-width=\"\" data-bg-alignment=\"center\" data-color-scheme=\"light\" data-x-pos=\"left\" data-y-pos=\"middle\" ><div class=\"slide-bg-wrap\"><div class=\"image-bg\" style=\"background-image: url(https:\/\/oscarjespers.com\/wp-content\/uploads\/2014\/03\/slide-aangepast.jpg);\"> &nbsp; <\/div><\/div><div class=\"video-texture \"> <span class=\"ie-fix\"><\/span> <\/div><\/div> <!--\/swiper-slide--><div class=\"swiper-slide\" data-desktop-content-width=\"\" data-tablet-content-width=\"\" data-bg-alignment=\"center\" data-color-scheme=\"light\" data-x-pos=\"left\" data-y-pos=\"middle\" ><div class=\"slide-bg-wrap\"><div class=\"image-bg\" style=\"background-image: url(https:\/\/oscarjespers.com\/wp-content\/uploads\/2014\/04\/SLIDE-extra.jpg);\"> &nbsp; <\/div><\/div><div class=\"video-texture \"> <span class=\"ie-fix\"><\/span> <\/div><\/div> <!--\/swiper-slide--><\/div><a href=\"#\" class=\"slider-prev\"><i class=\"icon-salient-left-arrow\"><\/i> <div class=\"slide-count\"> <span class=\"slide-current\">1<\/span> <i class=\"icon-salient-right-line\"><\/i> <span class=\"slide-total\"><\/span> <\/div> <\/a>\n\t\t\t\t\t\t<a href=\"#\" class=\"slider-next\"><i class=\"icon-salient-right-arrow\"><\/i> <div class=\"slide-count\"> <span class=\"slide-current\">1<\/span> <i class=\"icon-salient-right-line\"><\/i> <span class=\"slide-total\"><\/span> <\/div> <\/a><div class=\"container normal-container slider-pagination-wrap\"><div class=\"slider-pagination\"><\/div><\/div><div class=\"nectar-slider-loading \"> <span class=\"loading-icon \">   <\/span> <\/div> <\/div> \n\t\t\t\t\t\n\t\t\t\t\t<\/div><\/div>[\/vc_column][\/vc_row]<span style=\"color: #f5f5f5;\">.<\/span> [vc_row][vc_column width=&#8220;1\/1&#8243;][heading subtitle=&#8220;(1887 &#8211; 1970)&#8220;]Willkommen auf der Webseite \u00fcber Leben und Werk des belgischen K\u00fcnstlers Oscar Jespers[\/heading][\/vc_column][\/vc_row]\n<p style=\"text-align: center;\">Diese Webseite m\u00f6chte Ihnen Informationen \u00fcber das Schaffen dieses besonderen K\u00fcnstlers bieten.<br \/>Der Schwerpunkt liegt auf seinem bildhauerischen Werk, doch Sie finden hier ebenfalls eine \u00dcbersicht seiner Zeichnungen.<\/p>\n<p style=\"text-align: center;\">\u00a9 texte: Jos\u00e9 Bogens. Diese Seite wird von der Familie des K\u00fcnstlers verwaltet.<\/p>\n<p><\/p>","protected":false},"excerpt":{"rendered":"<p>[vc_row][vc_column width=&#8220;1\/1&#8243;][\/vc_column][\/vc_row]. [vc_row][vc_column width=&#8220;1\/1&#8243;][heading subtitle=&#8220;(1887 &#8211; 1970)&#8220;]Willkommen auf der Webseite \u00fcber Leben und Werk des belgischen K\u00fcnstlers Oscar Jespers[\/heading][\/vc_column][\/vc_row] Diese Webseite m\u00f6chte Ihnen Informationen \u00fcber das Schaffen dieses besonderen K\u00fcnstlers&#8230;<\/p>\n","protected":false},"author":1,"featured_media":0,"parent":0,"menu_order":0,"comment_status":"open","ping_status":"open","template":"","meta":[],"aioseo_notices":[],"_links":{"self":[{"href":"https:\/\/oscarjespers.com\/de\/wp-json\/wp\/v2\/pages\/1136"}],"collection":[{"href":"https:\/\/oscarjespers.com\/de\/wp-json\/wp\/v2\/pages"}],"about":[{"href":"https:\/\/oscarjespers.com\/de\/wp-json\/wp\/v2\/types\/page"}],"author":[{"embeddable":true,"href":"https:\/\/oscarjespers.com\/de\/wp-json\/wp\/v2\/users\/1"}],"replies":[{"embeddable":true,"href":"https:\/\/oscarjespers.com\/de\/wp-json\/wp\/v2\/comments?post=1136"}],"version-history":[{"count":64,"href":"https:\/\/oscarjespers.com\/de\/wp-json\/wp\/v2\/pages\/1136\/revisions"}],"predecessor-version":[{"id":1864,"href":"https:\/\/oscarjespers.com\/de\/wp-json\/wp\/v2\/pages\/1136\/revisions\/1864"}],"wp:attachment":[{"href":"https:\/\/oscarjespers.com\/de\/wp-json\/wp\/v2\/media?parent=1136"}],"curies":[{"name":"wp","href":"https:\/\/api.w.org\/{rel}","templated":true}]}}