{"id":1169,"date":"2014-03-22T20:01:50","date_gmt":"2014-03-22T19:01:50","guid":{"rendered":"http:\/\/oscarjespers.com\/?page_id=1169"},"modified":"2017-04-19T18:48:09","modified_gmt":"2017-04-19T17:48:09","slug":"biografie-2","status":"publish","type":"page","link":"https:\/\/oscarjespers.com\/de\/biografie-2\/","title":{"rendered":"Biografie"},"content":{"rendered":"<p><div class=\"col span_4\" data-animation=\"\" data-delay=\"0\">\n<h2><img decoding=\"async\" loading=\"lazy\" class=\"size-full wp-image-1656 alignnone\" src=\"https:\/\/oscarjespers.com\/wp-content\/uploads\/2014\/03\/oscar-276x3771.jpg\" alt=\"oscar-276x377\" width=\"276\" height=\"377\" srcset=\"https:\/\/oscarjespers.com\/wp-content\/uploads\/2014\/03\/oscar-276x3771.jpg 276w, https:\/\/oscarjespers.com\/wp-content\/uploads\/2014\/03\/oscar-276x3771-219x300.jpg 219w\" sizes=\"(max-width: 276px) 100vw, 276px\" \/><\/div><div class=\"col span_8 col_last\" data-animation=\"\" data-delay=\"0\"><\/h2>\n<h2> Kurzbiographie <\/h2>\n<h2><strong>[divider line_type=&#8220;Full Width Line&#8220; custom_height=&#8220;&#8220;]<\/strong><\/h2>\n<p>1887\u00a0 Am 22. Mai wird Oscar Jespers in Borgerhout (Antwerpen) als Sohn des Bildhauers Emile Jespers geboren.<\/p>\n<p>1900\u00a0 Oscar Jespers besucht die K\u00f6nigliche Akademie in Antwerpen.<\/p>\n<p>1908\u00a0 Bis 1911 setzt er seine Ausbildung in der Richtung Bildhauerei fort.<\/p>\n<p>1912\u00a0 Er bezieht ein eigenes Atelier in Antwerpen.<\/p>\n<p>1914\u00a0 Viele Einwohner Antwerpens verlassen ab dem 28. September auf der Flucht vor den deutschen Raketen die Stadt, so auch die Familie Jespers. Am 9. Oktober f\u00e4llt die Stadt. \u2013 Es erbl\u00fcht eine Freundschaft zu Dichter und Kunsttheoretiker Paul van Ostaijen (*1896), gemeinsam mit seinem zwei Jahre j\u00fcngeren Bruder, dem Maler Floris Jespers.<\/p>\n<p>1916\u00a0 Am 1. April heiratet er Mia Carpentier, die ihren Mann ihr Leben lang unterst\u00fctzen wird. Paul van Ostaijen ver\u00f6ffentlicht erste Artikel \u00fcber Jespers Arbeiten.<\/p>\n<p>1920\u00a0 Im November und Dezember sowie Beginn 1921 arbeitet er intensiv mit Paul van Ostaijen an der einzigen dadaistischen Gedichtsammlung des niederl\u00e4ndischen Sprachraums, <em>Bezette stad<\/em> (Besetzte Stadt). Paul van Ostaijen, der seit Ende Oktober 1918 in Berlin wohnt, formuliert darin die Angst der Einwohner Antwerpens vor dem Aggressor. Die Typografie, von Oscar Jespers gestaltet, ist experimentell und ausdrucksstark. Er entwirft au\u00dferdem kubistische experimentelle Illustrationen. \u2013 Er stellt in Antwerpen bei S\u00e9lection aus. Sp\u00e4ter wird er sich mit den beiden Gr\u00fcndern von S\u00e9lection anfreunden: Paul-Gustave van Hecke und Andr\u00e9 de Ridder.<\/p>\n<p>1921\u00a0 Im April erscheint <em>Bezette stad<\/. \u2013 Bei Kunst van Heden in Antwerpen stellt Oscar Jespers elf Plastiken aus. Bei diesem Kunstverein wird er in der Folge regelm\u00e4\u00dfig, oft j\u00e4hrlich, ausstellen. \u2013 Die Skulptur <em>De pottendraaier<\/em> (Der T\u00f6pfer) aus Euvillestein l\u00e4utet eine neue Entwicklung ein, hin zu einer eigenen Form des Kubismus.<\/p>\n<p>1922\u00a0 Geburt der Tochter Hella. \u2013 Erster gro\u00dfer Auftrag der Regierung: Eine Skulptur vor dem Kolonialmuseum in Tervuren.<\/p>\n<p>1924\u00a0 Bis 1930 mei\u00dfelt Oscar Jespers ungef\u00e4hr zwanzig Charakterk\u00f6pfe und einige Nacktskulpturen in Stein. Hierbei entwickelt er seine ganz eigene Form des Kubismus.<\/p>\n<p>1925\u00a0 Er stellt 21 Werke in der Galerie Le Centaure in Br\u00fcssel aus. Durch diese Ausstellung entwickelt sich eine Freundschaft mit Gust De Smet, Constant Permeke und Frits van den Berghe.<\/p>\n<p>1927\u00a0 Er wird an die Hochschule f\u00fcr bildende K\u00fcnste ter Kameren unter Leitung von Henry van de Velde berufen. Er unterrichtet dort dekorative Monumentalbildhauerei. Er zieht mit Frau und Tochter nach Br\u00fcssel. Am 14. Dezember stirbt sein einziges Kind unerwartet.<\/p>\n<p>1928\u00a0 Paul van Ostaijen stirbt am 18. M\u00e4rz an Tuberkulose. \u2013 Oscar Jespers stellt zum ersten Mal in Paris aus.<\/p>\n<p>1929\u00a0 Oscar und Mia Jespers beziehen das von Victor Bourgeois eigens f\u00fcr sie entworfene Bildhauerhaus mit einem Atelier und zwei Ausstellungsr\u00e4umen in Br\u00fcssel, Erfprinslaan\/Ave. du prince h\u00e9ritier 149. \u2013 Geburt des einzigen Sohns Paul. \u2013 Der Kunstmarkt schrumpft infolge der internationalen Rezession. In den folgenden Jahren kommen verschiedene ber\u00fchmte Sammlungen unter den Hammer.<\/p>\n<p>1934\u00a0 Jespers\u2019 Ausstellung von 34 \u00fcberwiegend neueren expressionistischen Werken in Stein bei Kunst van Heden in Antwerpen wird ein gro\u00dfer Erfolg.<\/p>\n<p>1938\u00a0 Der Picasso-Kenner Alfred H. Barr aus New York entdeckt Jespers Werk bei einer Ausstellung in Br\u00fcssel, bei der zehn Skulpturen zu sehen sind. Er kauft <em>De bekoring van Sint Antonius<\/em> (Die Versuchung des heiligen Antonius) f\u00fcr das Museum of Modern Art in New York an.<\/p>\n<p>1949\u00a0 Jespers wird erster Dozent f\u00fcr Bildhauerei an der Jan-van-Eyck-Akademie in Maastricht, wo er auch Zeichnen unterrichtet.<\/p>\n<p>1952\u00a0 Er nimmt erstmalig an den Biennalen im Park Sonsbeek in Arnhem und in Middelheim, Antwerpen, teil, wo aufsehenerregende Freiluftausstellungen gezeigt werden.<\/p>\n<p>1960\u00a0 Auf der 30. Biennale in Venedig stellt Jespers 41 Skulpturen aus.<\/p>\n<p>1964\u00a0 In Utrecht, Nijmegen, Den Bosch und Heerlen werden gro\u00dfe \u00dcbersichtsausstellungen seiner Skulpturen und Zeichnungen gezeigt. \u2013 Mia Jespers-Carpentier stirbt am 8. Juli.<\/p>\n<p>1966\u00a0 Das Museum von Elsene\/Ixelles pr\u00e4sentiert die bis dahin gr\u00f6\u00dfte \u00dcbersichtsausstellung von Jespers Werken: 75 Skulpturen und ca. 35 Zeichnungen.<\/p>\n<p>1968\u00a0 Der Bildhauer erleidet einen Schlaganfall und wird danach nicht mehr arbeiten.<\/p>\n<p>1970\u00a0 Am 1. Dezember stirbt der K\u00fcnstler in seinem Bildhauerhaus in Br\u00fcssel.<\/p>\n<\/div><div class=\"clear\"><\/div>\n<h3><\/h3>\n<p><\/p>","protected":false},"excerpt":{"rendered":"Beknopte biografie [divider line_type=\"Full Width Line\" custom_height=\"\"] 1887\u00a0 Op 22 mei wordt Oscar Jespers in Borgerhout-Antwerpen geboren als de zoon van de beeldhouwer Emile Jespers. 1900\u00a0 Oscar bezoekt de Koninklijke...","protected":false},"author":1,"featured_media":0,"parent":0,"menu_order":0,"comment_status":"open","ping_status":"open","template":"","meta":[],"aioseo_notices":[],"_links":{"self":[{"href":"https:\/\/oscarjespers.com\/de\/wp-json\/wp\/v2\/pages\/1169"}],"collection":[{"href":"https:\/\/oscarjespers.com\/de\/wp-json\/wp\/v2\/pages"}],"about":[{"href":"https:\/\/oscarjespers.com\/de\/wp-json\/wp\/v2\/types\/page"}],"author":[{"embeddable":true,"href":"https:\/\/oscarjespers.com\/de\/wp-json\/wp\/v2\/users\/1"}],"replies":[{"embeddable":true,"href":"https:\/\/oscarjespers.com\/de\/wp-json\/wp\/v2\/comments?post=1169"}],"version-history":[{"count":38,"href":"https:\/\/oscarjespers.com\/de\/wp-json\/wp\/v2\/pages\/1169\/revisions"}],"predecessor-version":[{"id":1817,"href":"https:\/\/oscarjespers.com\/de\/wp-json\/wp\/v2\/pages\/1169\/revisions\/1817"}],"wp:attachment":[{"href":"https:\/\/oscarjespers.com\/de\/wp-json\/wp\/v2\/media?parent=1169"}],"curies":[{"name":"wp","href":"https:\/\/api.w.org\/{rel}","templated":true}]}}