{"id":1169,"date":"2014-03-22T20:01:50","date_gmt":"2014-03-22T19:01:50","guid":{"rendered":"http:\/\/oscarjespers.com\/?page_id=1169"},"modified":"2017-04-19T18:48:09","modified_gmt":"2017-04-19T17:48:09","slug":"biografie-2","status":"publish","type":"page","link":"https:\/\/oscarjespers.com\/en\/biografie-2\/","title":{"rendered":"Biography"},"content":{"rendered":"<p><div class=\"col span_4\" data-animation=\"\" data-delay=\"0\">\n<h2><img decoding=\"async\" loading=\"lazy\" class=\"size-full wp-image-1656 alignnone\" src=\"https:\/\/oscarjespers.com\/wp-content\/uploads\/2014\/03\/oscar-276x3771.jpg\" alt=\"oscar-276x377\" width=\"276\" height=\"377\" srcset=\"https:\/\/oscarjespers.com\/wp-content\/uploads\/2014\/03\/oscar-276x3771.jpg 276w, https:\/\/oscarjespers.com\/wp-content\/uploads\/2014\/03\/oscar-276x3771-219x300.jpg 219w\" sizes=\"(max-width: 276px) 100vw, 276px\" \/><\/div><div class=\"col span_8 col_last\" data-animation=\"\" data-delay=\"0\"><\/h2>\n<h2> A Brief Biography <\/h2>\n<h2><strong>[divider line_type=&#8221;Full Width Line&#8221; custom_height=&#8221;&#8221;]<\/strong><\/h2>\n<p>1887\u00a0 Oscar Jespers was born on the 22nd of May in Berchem-Antwerp, he was born as the son of the sculptor Emile Jespers.<\/p>\n<p>1900\u00a0 Oscar visits the Koninklijke Academie in Antwerp.<\/p>\n<p>1908\u00a0 Attends a sculpture course there until 1911.<\/p>\n<p>1912\u00a0 Acquires his own studio in Antwerp.<\/p>\n<p>1914\u00a0 Around the 28th of September many residents flee the city of Antwerp, including the Jespers family, to escape from German missile raids. On the 9th of October the city falls. &#8211; A friendship begins between Oscar and the poet and art theorist Paul van Ostaijen (*1896) and the painter Floris Jespers, Oscar\u2019s younger brother.<\/p>\n<p>1916\u00a0 On the 1st of April, Jespers marries Mia Carpentier, who would lovingly support her husband throughout their lives together. Paul Ostaijen published his first article on the work of Oscar Jespers.<\/p>\n<p>1920\u00a0 In November, December and the beginning of 1921 an intensive collaboration with Paul van Ostaijen produces one of the only Dadaist poetry collections from this Dutch speaking region: Bezette Stad. Paul van Ostaijen, who had been living in Berlin since the end of October 1918, expresses herein the fear felt by the inhabitants of Antwerp for their aggressor. The typography is experimental and expressive. Oscar Jespers designed and realised the Cubist experimental illustrations. &#8211; Jespers exhibits at S\u00e9lection in Antwerp. At a later date he befriends the two founders of S\u00e9lection: Paul-Gustave van Hecke and Andr\u00e9 de Ridder.<\/p>\n<p>1921\u00a0 In April <em>Bezette Stad<\/em> was published. &#8211; Oscar Jespers exhibits eleven artworks at Kunst\u00a0van\u00a0Heden in Antwerp and continues to exhibit here often, sometimes even annually. \u2013 The piece called <em>De Pottendraaier<\/em> made with stone from Euville\u00a0(a limestone variety from Euville), heralds a new development within the form of Cubism.<\/p>\n<p>1922\u00a0 Birth of his daughter, Hella. &#8211; First major contract from the government: an artwork for the Koloniaal Museum in Tervuren.<\/p>\n<p>1924\u00a0 Between 1924 until 1930, Oscar Jespers carves from stone about twenty extremely expressive heads, and a few nudes: consequently achieving a very personal form of Cubism.<\/p>\n<p>1925\u00a0 Jespers exhibits 21 pieces of art at Le Centaure in Brussels. Within the context of Le Centaure, a friendship grows between Gust De Smet, Constant Permeke and Frits van den Berghe.<\/p>\n<p>1927\u00a0 By recommendation from the director Henry van de Velde, Jespers is appointed to teach the decorative monument and sculpture course at the Visual Arts school of higher education, La Cambre in Brussels. Consequently Oscar moves to Brussels with his wife and daughter. On December 14th, his only child unexpectedly dies.<\/p>\n<p>1928\u00a0 On March the 18th, Paul van Ostaijen dies from tuberculosis &#8211; Oscar Jespers exhibits for the first time in Paris.<\/p>\n<p>1929\u00a0 Victor Bourgeois, along with Oscar and Mia Jespers, design a house to fully accommodate a sculptor. Erfprinslaan 149, Brussels: a family home containing an art workshop and two exhibition rooms. &#8211; Birth of their only son, Paul. \u2013 The art market shrinks as a result of an international recession. Over the next few years several acclaimed art collections are auctioned.<\/p>\n<p>1934\u00a0 Jespers exhibits predominantly his most recent artworks at Kunst van Heden in Antwerp, displaying 34 Expressionist pieces in stone. The exhibition is a huge success.<\/p>\n<p>1938\u00a0 The Picasso expert Alfred H. Barr, who lives in New York, discovers the work of Oscar Jespers at an exhibition in Brussels where 10 pieces were on display. Barr buys <em>De Bekoring van Sint Antonius<\/em> (The Temptation of Saint Anthony) for the Museum of Modern Art in New York.<\/p>\n<p>1949\u00a0 Jespers starts to teach sculpture classes at De Jan van Eyckacademie in Maastricht, where he already teaches drawing.<\/p>\n<p>1952\u00a0 From this year onwards he participates in every art biennial in Park Sonsbeek in Arnhem and in Middelheim in Antwerp, where high profile outdoor art exhibitions are held.<\/p>\n<p>1960\u00a0 Oscar Jespers exhibits 41 artworks at the 30th Venice Biennale.<\/p>\n<p>1964\u00a0 In Utrecht and Nijmegen, Den Bosch and Heerlen, vast retrospective exhibitions are organised displaying his sculptures and drawings. &#8211; Mia Jespers-Carpentier dies on the 8th of July.<\/p>\n<p>1966\u00a0 Het Museum van Elsene\/Ixelles in Brussels presents the most extensive retrospective exhibition of Jespers&#8217; artwork that had ever been held, displaying 75 sculptures and around 35 drawings 1968\u00a0 De beeldhouwer wordt getroffen door een beroerte; hierna zal hij niet meer werken.<\/p>\n<p>1968\u00a0 The sculptor suffers a stroke, after which he no longer works.<\/p>\n<p>1970\u00a0 On the 1st of December the artist dies at his home in Brussels.<\/p>\n<\/div><div class=\"clear\"><\/div>\n<h3><\/h3>\n<p><\/p>","protected":false},"excerpt":{"rendered":"Beknopte biografie [divider line_type=\"Full Width Line\" custom_height=\"\"] 1887\u00a0 Op 22 mei wordt Oscar Jespers in Borgerhout-Antwerpen geboren als de zoon van de beeldhouwer Emile Jespers. 1900\u00a0 Oscar bezoekt de Koninklijke...","protected":false},"author":1,"featured_media":0,"parent":0,"menu_order":0,"comment_status":"open","ping_status":"open","template":"","meta":[],"aioseo_notices":[],"_links":{"self":[{"href":"https:\/\/oscarjespers.com\/en\/wp-json\/wp\/v2\/pages\/1169"}],"collection":[{"href":"https:\/\/oscarjespers.com\/en\/wp-json\/wp\/v2\/pages"}],"about":[{"href":"https:\/\/oscarjespers.com\/en\/wp-json\/wp\/v2\/types\/page"}],"author":[{"embeddable":true,"href":"https:\/\/oscarjespers.com\/en\/wp-json\/wp\/v2\/users\/1"}],"replies":[{"embeddable":true,"href":"https:\/\/oscarjespers.com\/en\/wp-json\/wp\/v2\/comments?post=1169"}],"version-history":[{"count":38,"href":"https:\/\/oscarjespers.com\/en\/wp-json\/wp\/v2\/pages\/1169\/revisions"}],"predecessor-version":[{"id":1817,"href":"https:\/\/oscarjespers.com\/en\/wp-json\/wp\/v2\/pages\/1169\/revisions\/1817"}],"wp:attachment":[{"href":"https:\/\/oscarjespers.com\/en\/wp-json\/wp\/v2\/media?parent=1169"}],"curies":[{"name":"wp","href":"https:\/\/api.w.org\/{rel}","templated":true}]}}