{"id":1169,"date":"2014-03-22T20:01:50","date_gmt":"2014-03-22T19:01:50","guid":{"rendered":"http:\/\/oscarjespers.com\/?page_id=1169"},"modified":"2017-04-19T18:48:09","modified_gmt":"2017-04-19T17:48:09","slug":"biografie-2","status":"publish","type":"page","link":"https:\/\/oscarjespers.com\/fr\/biografie-2\/","title":{"rendered":"Biographie"},"content":{"rendered":"<p><div class=\"col span_4\" data-animation=\"\" data-delay=\"0\">\n<h2><img decoding=\"async\" loading=\"lazy\" class=\"size-full wp-image-1656 alignnone\" src=\"https:\/\/oscarjespers.com\/wp-content\/uploads\/2014\/03\/oscar-276x3771.jpg\" alt=\"oscar-276x377\" width=\"276\" height=\"377\" srcset=\"https:\/\/oscarjespers.com\/wp-content\/uploads\/2014\/03\/oscar-276x3771.jpg 276w, https:\/\/oscarjespers.com\/wp-content\/uploads\/2014\/03\/oscar-276x3771-219x300.jpg 219w\" sizes=\"(max-width: 276px) 100vw, 276px\" \/><\/div><div class=\"col span_8 col_last\" data-animation=\"\" data-delay=\"0\"><\/h2>\n<h2>Br\u00e8ve biographie<\/h2>\n<h2><strong>[divider line_type=\u00a0\u00bbFull Width Line\u00a0\u00bb custom_height=\u00a0\u00bb\u00a0\u00bb]<\/strong><\/h2>\n<p>1887\u00a0 \u00a0Oscar Jespers est n\u00e9 le 22 Mai \u00e0 Borgerhout, Anvers. Il est l\u2019un des fils du sculpteur Emile Jespers.<\/p>\n<p>1900 \u00a0 Oscar fr\u00e9quente l\u2019Acad\u00e9mie Royale d\u2019Anvers.<\/p>\n<p>1908 \u00a0 Il poursuit sa formation jusqu\u2019en 1911, se dirigeant vers la sculpture.<\/p>\n<p>1912 \u00a0 Il s\u2019installe dans son propre atelier \u00e0 Anvers.<\/p>\n<p>1914 \u00a0 Aux environs du 28 septembre, de nombreux habitants dont la famille Jespers fuient la ville sous le feu des canons allemands. Le 9 octobre, la ville se rend. \u2013 Une amiti\u00e9 se lie entre le po\u00e8te et th\u00e9oricien de l\u2019art Paul van Ostaijen (*1896) et Oscar Jespers, ainsi qu\u2019avec son jeune fr\u00e8re, le peintre Floris Jespers.<\/p>\n<p>1918\u00a0\u00a0\u00a0Le 1er avril, mariage avec Mia Carpentier qui soutiendra son mari durant toute sa vie. Premi\u00e8re publication de Paul van Ostaijen parlant de l\u2019\u0153uvre d\u2019Oscar Jespers.<\/p>\n<p>1920 \u00a0 En novembre et d\u00e9cembre, et au d\u00e9but de 1921, il travaille intens\u00e9ment avec Paul van Ostaijen \u00e0 la r\u00e9alisation de l\u2019unique recueil de po\u00e9sie dada\u00efste paru en pays n\u00e9erlandophone : <em>Bezette Stad<\/em>. Paul van Ostaijen, qui vit \u00e0 Berlin depuis 1918, y traduit l\u2019anxi\u00e9t\u00e9 des habitants d\u2019Anvers vis-\u00e0-vis de l\u2019agresseur. La typographie est exp\u00e9rimentale et expressive. Oscar a r\u00e9alis\u00e9 le projet, et a aussi cr\u00e9\u00e9 des illustrations exp\u00e9rimentales de style cubiste. \u2013 Il expose \u00e0 Anvers dans la salle \u00ab S\u00e9lection \u00bb. Plus tard se liera une amiti\u00e9 avec les deux fondateurs de S\u00e9lection : Paul-Gustave van Hecke et Andr\u00e9 de Ridder.<\/p>\n<p>1921\u00a0\u00a0\u00a0En avril para\u00eet <em>Bezette Stad<\/em>. Il expose 11 sculptures \u00e0 Kunst van Heden \u00e0 Anvers. D\u00e8s lors, il y exposera souvent, pratiquement tous les ans. <em>De pottendraaier<\/em> (Le Potier) en pierre d\u2019Euville marque une nouvelle \u00e9volution, vers une forme de cubisme personnelle.<\/p>\n<p>1922\u00a0\u00a0\u00a0Naissance de sa fille Hella. \u2013\u00a0 Premi\u00e8re commande importante du gouvernement : une statue pour le Mus\u00e9e colonial de Tervuren.<\/p>\n<p>1924\u00a0\u00a0\u00a0A partir de cette ann\u00e9e et jusqu\u2019en 1930, Oscar Jespers taille une vingtaine de t\u00eates \u00e0 caract\u00e8re, ainsi que quelques nus. Ce faisant, il d\u00e9veloppe un cubisme tr\u00e8s original.<\/p>\n<p>1925\u00a0\u00a0\u00a0Il expose 21 \u0153uvres \u00e0 la Galerie Le Centaure \u00e0 Bruxelles. Dans le cadre de cette exposition, il se lie d\u2019amiti\u00e9 avec Gust De Smet, Constant Permeke et Frits van den Berghe.<\/p>\n<p>1927\u00a0\u00a0\u00a0Il est nomm\u00e9 \u00e0 l\u2019Institut Sup\u00e9rieur de La Cambre \u00e0 Bruxelles dirig\u00e9 par Henry van de Velde ; il y enseignera la sculpture monumentale d\u00e9corative. Il d\u00e9m\u00e9nage avec sa femme et sa petite fille \u00e0 Bruxelles. Le 14 d\u00e9cembre, son unique enfant meurt inopin\u00e9ment.<\/p>\n<p>1928\u00a0\u00a0\u00a0Paul van Ostaijen meurt de la tuberculose, le 28 mars. \u2013 Pour la premi\u00e8re fois, Oscar Jespers expose \u00e0 Paris.<\/p>\n<p>1929\u00a0\u00a0\u00a0Oscar et Mia s\u2019installent dans leur maison dessin\u00e9e par Victor Bourgeois, au 149 av. du Prince h\u00e9ritier \u00e0 Bruxelles. La maison comprend un atelier et deux salles d\u2019exposition. Naissance de Paul, leur fils unique. Le march\u00e9 de l\u2019art subit les cons\u00e9quences de la crise internationale. Les ann\u00e9es suivantes, plusieurs collections d\u2019art reconnues sont mises sur le march\u00e9.<\/p>\n<p>1934\u00a0\u00a0\u00a0Exposition \u00e0 <em>Kunst van Heden<\/em> \u00e0 Anvers de 34 \u0153uvres expressionnistes r\u00e9centes et marquantes en pierre taill\u00e9e. Grand succ\u00e8s.<\/p>\n<p>1938\u00a0\u00a0\u00a0Lors d\u2019une exposition \u00e0 Bruxelles o\u00f9 10 \u0153uvres sont pr\u00e9sent\u00e9es, le New-Yorkais Alfred H. Barr, fin connaisseur de Picasso, d\u00e9couvre le travail d\u2019Oscar Jespers et ach\u00e8te <em>De bekoring van Sint Antonius<\/em> (La Tentation de Saint Antoine) pour le Museum of Modern Arts \u00e0 New York.<\/p>\n<p>1949\u00a0\u00a0\u00a0Oscar Jespers enseigne les cours de sculpture et de dessin \u00e0 l\u2019acad\u00e9mie Jan van Eyck de Maastricht.<\/p>\n<p>1952\u00a0\u00a0\u00a0A partir de cette ann\u00e9e, il participe aux biennales de Park Sonsbeek \u00e0 Arnhem et Middelheim (Anvers) o\u00f9 se tiennent des expositions en plein air r\u00e9put\u00e9es.<\/p>\n<p>1954\u00a0\u00a0\u00a0R\u00e9trospective au Palais des Beaux-Arts de Bruxelles avec 68 sculptures et 64 dessins.<\/p>\n<p>1960\u00a0\u00a0\u00a0Il expose 41 \u0153uvres \u00e0 la 30\u00e8me biennale de Venise.<\/p>\n<p>1964\u00a0\u00a0\u00a0De grandes r\u00e9trospectives de ses sculptures et dessins sont organis\u00e9es \u00e0 Utrecht, Nijmegen, Den Bosch et Heerlen, aux Pays-Bas. \u2013 Mia Jespers-Carpentier d\u00e9c\u00e8de le 8 juillet.<\/p>\n<p>1966\u00a0\u00a0\u00a0Le mus\u00e9e d\u2019Ixelles pr\u00e9sente la plus grande r\u00e9trospective de ses \u0153uvres qui ait jamais \u00e9t\u00e9 tenue\u00a0: 75 sculptures et environ 35 dessins.<\/p>\n<p>1970\u00a0\u00a0\u00a0Le 1er d\u00e9cembre, l\u2019artiste d\u00e9c\u00e8de \u00e0 son domicile \u00e0 Bruxelles.<\/p>\n<\/div><div class=\"clear\"><\/div>\n<div><\/div>\n<p><\/p>","protected":false},"excerpt":{"rendered":"Beknopte biografie [divider line_type=\"Full Width Line\" custom_height=\"\"] 1887\u00a0 Op 22 mei wordt Oscar Jespers in Borgerhout-Antwerpen geboren als de zoon van de beeldhouwer Emile Jespers. 1900\u00a0 Oscar bezoekt de Koninklijke...","protected":false},"author":1,"featured_media":0,"parent":0,"menu_order":0,"comment_status":"open","ping_status":"open","template":"","meta":[],"aioseo_notices":[],"_links":{"self":[{"href":"https:\/\/oscarjespers.com\/fr\/wp-json\/wp\/v2\/pages\/1169"}],"collection":[{"href":"https:\/\/oscarjespers.com\/fr\/wp-json\/wp\/v2\/pages"}],"about":[{"href":"https:\/\/oscarjespers.com\/fr\/wp-json\/wp\/v2\/types\/page"}],"author":[{"embeddable":true,"href":"https:\/\/oscarjespers.com\/fr\/wp-json\/wp\/v2\/users\/1"}],"replies":[{"embeddable":true,"href":"https:\/\/oscarjespers.com\/fr\/wp-json\/wp\/v2\/comments?post=1169"}],"version-history":[{"count":38,"href":"https:\/\/oscarjespers.com\/fr\/wp-json\/wp\/v2\/pages\/1169\/revisions"}],"predecessor-version":[{"id":1817,"href":"https:\/\/oscarjespers.com\/fr\/wp-json\/wp\/v2\/pages\/1169\/revisions\/1817"}],"wp:attachment":[{"href":"https:\/\/oscarjespers.com\/fr\/wp-json\/wp\/v2\/media?parent=1169"}],"curies":[{"name":"wp","href":"https:\/\/api.w.org\/{rel}","templated":true}]}}