{"id":1199,"date":"2014-03-22T20:33:42","date_gmt":"2014-03-22T19:33:42","guid":{"rendered":"http:\/\/oscarjespers.com\/?page_id=1199"},"modified":"2017-04-21T13:53:54","modified_gmt":"2017-04-21T12:53:54","slug":"publicaties-2","status":"publish","type":"page","link":"https:\/\/oscarjespers.com\/fr\/publicaties-2\/","title":{"rendered":"Publications"},"content":{"rendered":"<p><div class=\"col span_4\" data-animation=\"\" data-delay=\"0\">\n<div id=\"attachment_1663\" style=\"width: 286px\" class=\"wp-caption alignnone\"><img aria-describedby=\"caption-attachment-1663\" decoding=\"async\" loading=\"lazy\" class=\"size-full wp-image-1663\" src=\"https:\/\/oscarjespers.com\/wp-content\/uploads\/2014\/03\/boek-shop-276.jpg\" alt=\"Boyens, Jos\u00e9, Oscar Jespers, beeldhouwer en tekenaar, 1887 \u2013 1970. De activiteiten van een Vlaamse kunstenaar gedurende zesenvijftig jaar. Met een ge\u00efllustreerde, kritische en gedocumenteerde catalogus van de beeldhouwwerken. Oscar Jespers, sculptures et dessins, Deurle-Scheveningen 2013 (607 ill.). Bestel via: Jose.boyens@hotmail.com\" width=\"276\" height=\"377\" srcset=\"https:\/\/oscarjespers.com\/wp-content\/uploads\/2014\/03\/boek-shop-276.jpg 276w, https:\/\/oscarjespers.com\/wp-content\/uploads\/2014\/03\/boek-shop-276-219x300.jpg 219w\" sizes=\"(max-width: 276px) 100vw, 276px\" \/><p id=\"caption-attachment-1663\" class=\"wp-caption-text\"><em>Boyens, Jos\u00e9, Oscar Jespers, beeldhouwer en tekenaar, 1887 \u2013 1970<\/em><br \/>Comprenant un catalogue illustr\u00e9, critique et document\u00e9 de ses \u0153uvres sculpturales<br \/><em>Oscar Jespers, sculptures et dessins<\/em><br \/>Deurle-Scheveningen 2013 (607 ill.)<br \/><span style=\"color: #ac8b70;\">Commander :<br \/>Jose.boyens@hotmail.com<\/span><\/p><\/div>\n<p><span style=\"color: #f5f5f5;\">.<\/span><\/p>\n<div id=\"attachment_1662\" style=\"width: 286px\" class=\"wp-caption alignleft\"><img aria-describedby=\"caption-attachment-1662\" decoding=\"async\" loading=\"lazy\" class=\"size-full wp-image-1662\" src=\"https:\/\/oscarjespers.com\/wp-content\/uploads\/2014\/03\/boekje-276-shop.jpg\" alt=\"Boyens, Jos\u00e9, Oscar Jespers, de tekeningen. Overzicht en beschrijving tekeningen n.a.v. verkooptentoonstelling bij Hein A.M. Klaver Kunsthandel tijdens Art Breda 2014 ( 21 ill. ) Bestel via: info@heinklaver.nl \/ tel: 035-54 35 296\" width=\"276\" height=\"377\" srcset=\"https:\/\/oscarjespers.com\/wp-content\/uploads\/2014\/03\/boekje-276-shop.jpg 276w, https:\/\/oscarjespers.com\/wp-content\/uploads\/2014\/03\/boekje-276-shop-219x300.jpg 219w\" sizes=\"(max-width: 276px) 100vw, 276px\" \/><p id=\"caption-attachment-1662\" class=\"wp-caption-text\"><em>Boyens, Jos\u00e9, Oscar Jespers, de tekeningen<\/em><br \/>Survol et description de dessins \u00e0 l\u2019occasion d\u2019une exposition de vente chez Hein A.M. Klaver Kunsthandel pendant Art Breda (21 ill.)<br \/><span style=\"color: #ac8b70;\">Commander :<br \/>info@heinklaver.nl \/ t\u00e9l : 035-54 35 296<\/span><\/p><\/div>\n<\/div><div class=\"col span_8 col_last\" data-animation=\"\" data-delay=\"0\">\n<h2>Publications<\/h2>\n[divider line_type=\u00a0\u00bbFull Width Line\u00a0\u00bb custom_height=\u00a0\u00bb\u00a0\u00bb]\n<ul>\n<li>Ostaijen, Paul van, <em>Oskar Jespers<\/em>, in Vlaamsche Arbeid 1924, 24e ann\u00e9e, n&deg; 12, p. 387-403 (2 ill.); Verzameld werk IV, p. 175 \u2013 191<\/li>\n<\/ul>\n<ul>\n<li>Marlier, Georges, <em>Oscar Jespers<\/em>, in S\u00e9lection 1927, 6e ann\u00e9e, n&deg; 5, p. 355-376 (16 ill.)<\/li>\n<\/ul>\n<ul>\n<li>Haesaerts, Luc et Paul, <em>La sculpture dualiste d\u2019Oscar Jespers<\/em>, in Catalogue Art Contemporain 1934, idem dans Le Vrai 23.5.1934<\/li>\n<\/ul>\n<ul>\n<li>Ridder, Andr\u00e9 de, <em>Oscar Jespers (Monographies de l\u2019art belge)<\/em>, Anvers 1948 (28 ill.). idem <em>Oscar Jespers (Monographie\u00ebn over Belgische Kunst)<\/em>, Anvers 1948 (28 ill.)<\/li>\n<\/ul>\n<ul>\n<li>Langui, Emile, <em>50 jaar moderne kunst, inleiding Internationale Wereldtentoonstelling<\/em>, Bruxelles 1958 (ill.)<\/li>\n<\/ul>\n<ul>\n<li>Tegenbosch, Lambert, <em>Beelden zijn blokken bij Oscar Jespers<\/em>, in de Volkskrant, 4.1.1964 (ill.)<\/li>\n<\/ul>\n<ul>\n<li>Hoof, Guido Van, <em>De man die &lsquo;Bezette stad&rsquo; een gezicht gaf<\/em>, in De Standaard, De Standaard der letteren 1965, 11 septembre, n&deg; 6-7<\/li>\n<\/ul>\n<ul>\n<li>Florquin, Joos, <em>Ten huize van V.<\/em> Dix interviews, diffus\u00e9s par la t\u00e9l\u00e9vision belge avant d\u2019avoir \u00e9t\u00e9 regroup\u00e9s. Parmi les interlocuteurs&nbsp;: Oscar Jespers&nbsp;; conversation de 1958, Leuven 1969<\/li>\n<\/ul>\n<ul>\n<li>Hammacher, A.M., <em>The Evolution of Modern Sculpture. Tradition and Innovation<\/em>, New York 1970 (ill.). \/ Paris-New York 1971<\/li>\n<\/ul>\n<ul>\n<li>Menten, Theodore, <em>The Art Deco Style in Household Objects, Architecture, Sculpture, Graphics, Jewelry. 468 Authentic Examples<\/em>, New York 1972 (4 ill.)<\/li>\n<\/ul>\n<ul>\n<li>Boyens, Jos\u00e9, <em>Jespers, Oscar<\/em>, in Nationaal Biografisch Woordenboek, partie 7, Bruxelles 1977, col. 419 \u2013 438<\/li>\n<\/ul>\n<ul>\n<li>Langui, Emile, <em>Oscar Jespers, l\u2019homme et son art, introduction catalogue Oscar Jespers, sculptures, dessins<\/em>, Paris 1977, Mus\u00e9e Rodin (90 ill.)<\/li>\n<\/ul>\n<ul>\n<li>Hoozee, Robert, <em>Piet Boyens, Inge Henneman etc., Vlaams expressionisme in Europese context 1900 \u2013 1930<\/em>, Gand 1990 (8 ill.).<\/li>\n<\/ul>\n<ul>\n<li>Lambrechts, Marc, <em>De innerlijke stilte. De animistische tendens in de Belgische sculptuur rond 1940<\/em>, Bruxelles, Kredietbank 1995 (9 ill.)<\/li>\n<\/ul>\n<ul>\n<li>Boyens, Jos\u00e9, <em>De genesis van Bezette stad. Ik spreek met de mannen en regel alles wel. Brieven van Oscar Jespers aan Paul van Ostaijen, 1920 \u2013 1921, over het ontstaan van Bezette stad en de Antwerpse groepering van het Sienjaal<\/em>, Anvers 1995\u00a0 (61 ill.)<\/li>\n<\/ul>\n<ul>\n<li>Buyck, Jean F., <em>Floris en Oscar Jespers, de moderne jaren<\/em>, Anvers 1996<\/li>\n<\/ul>\n<ul>\n<li>Boyens, Jos\u00e9, <em>Oscar Jespers, de tekeningen<\/em>. Survol et description de dessins \u00e0 l\u2019occasion d\u2019une exposition de vente chez Hein A.M. Klaver Kunsthandel pendant Art Breda 2014 (21 ill. )<\/li>\n<\/ul>\n<ul>\n<li>Boyens, Jos\u00e9, <em>Oscar Jespers, beeldhouwer en tekenaar, 1887 \u2013 1970<\/em>. Comprenant un catalogue illustr\u00e9, critique et document\u00e9 de ses \u0153uvres sculpturales, <em>Oscar Jespers, sculptures et dessins<\/em>, Deurle-Scheveningen 2013 (607 ill.)<\/li>\n<\/ul>\n<ul>\n<li>Boyens, Jos\u00e9, <em>The Sculpture of Oscar Jespers in an International Context, From Wieske Baseleer to Little Leda, in The Low Countries. Arts and Society in Flanders and the Netherlands, 2014<\/em>, n&deg; 22, p. 210-217 (9 ill.)<\/div><div class=\"clear\"><\/div><\/li>\n<\/ul>\n<p><\/p>","protected":false},"excerpt":{"rendered":"Boyens, Jos\u00e9, Oscar Jespers, beeldhouwer en tekenaar, 1887 \u2013 1970Met een ge\u00efllustreerde, kritische en gedocumenteerde catalogus van de beeldhouwwerkenOscar Jespers, sculptures et dessinsDeurle-Scheveningen 2013 (607 ill.).Bestel via:Jose.boyens@hotmail.com . Boyens, Jos\u00e9,...","protected":false},"author":1,"featured_media":0,"parent":0,"menu_order":0,"comment_status":"open","ping_status":"open","template":"","meta":[],"aioseo_notices":[],"_links":{"self":[{"href":"https:\/\/oscarjespers.com\/fr\/wp-json\/wp\/v2\/pages\/1199"}],"collection":[{"href":"https:\/\/oscarjespers.com\/fr\/wp-json\/wp\/v2\/pages"}],"about":[{"href":"https:\/\/oscarjespers.com\/fr\/wp-json\/wp\/v2\/types\/page"}],"author":[{"embeddable":true,"href":"https:\/\/oscarjespers.com\/fr\/wp-json\/wp\/v2\/users\/1"}],"replies":[{"embeddable":true,"href":"https:\/\/oscarjespers.com\/fr\/wp-json\/wp\/v2\/comments?post=1199"}],"version-history":[{"count":70,"href":"https:\/\/oscarjespers.com\/fr\/wp-json\/wp\/v2\/pages\/1199\/revisions"}],"predecessor-version":[{"id":1908,"href":"https:\/\/oscarjespers.com\/fr\/wp-json\/wp\/v2\/pages\/1199\/revisions\/1908"}],"wp:attachment":[{"href":"https:\/\/oscarjespers.com\/fr\/wp-json\/wp\/v2\/media?parent=1199"}],"curies":[{"name":"wp","href":"https:\/\/api.w.org\/{rel}","templated":true}]}}