{"id":1602,"date":"2014-03-31T23:20:22","date_gmt":"2014-03-31T22:20:22","guid":{"rendered":"http:\/\/oscarjespers.com\/?page_id=1602"},"modified":"2017-04-21T13:12:21","modified_gmt":"2017-04-21T12:12:21","slug":"in-de-media","status":"publish","type":"page","link":"https:\/\/oscarjespers.com\/fr\/in-de-media\/","title":{"rendered":"Presse"},"content":{"rendered":"<p><\/p>\n<h2>Dans les m\u00e9dias<\/h2>\n[divider line_type=\u00a0\u00bbFull Width Line\u00a0\u00bb custom_height=\u00a0\u00bb\u00a0\u00bb]Vous trouverez ci-dessous quelques articles sur Oscar Jespers parus r\u00e9cemment dans les m\u00e9dias.<br \/>Souhaitez-vous publier quelque chose \u00e0 propos de l\u2019artiste\u00a0? <a href=\"https:\/\/oscarjespers.com\/contact-3\/\">Merci de nous contacter<\/a><\/p>\n<p><span style=\"color: #ffffff;\">.<\/span><\/p>\n<div id=\"attachment_1686\" style=\"width: 1637px\" class=\"wp-caption alignleft\"><img aria-describedby=\"caption-attachment-1686\" decoding=\"async\" loading=\"lazy\" class=\"size-full wp-image-1686\" src=\"https:\/\/oscarjespers.com\/wp-content\/uploads\/2014\/03\/COLLECT-b.jpg\" alt=\"Collect \/ april 2014\" width=\"1627\" height=\"950\" srcset=\"https:\/\/oscarjespers.com\/wp-content\/uploads\/2014\/03\/COLLECT-b.jpg 1627w, https:\/\/oscarjespers.com\/wp-content\/uploads\/2014\/03\/COLLECT-b-300x175.jpg 300w, https:\/\/oscarjespers.com\/wp-content\/uploads\/2014\/03\/COLLECT-b-1024x597.jpg 1024w\" sizes=\"(max-width: 1627px) 100vw, 1627px\" \/><p id=\"caption-attachment-1686\" class=\"wp-caption-text\"><em>Collect Arts Antiques Auctions<\/em> \/ avril 2014<\/p><\/div>\n<p style=\"text-align: center;\"><a href=\"https:\/\/oscarjespers.com\/wp-content\/uploads\/2014\/04\/COLLECT-NL-april2014.pdf\">Visionner le pdf<\/a><\/p>\n<div id=\"attachment_1771\" style=\"width: 1637px\" class=\"wp-caption alignleft\"><a href=\"https:\/\/oscarjespers.com\/wp-content\/uploads\/2014\/03\/TABLEAU.jpg\"><img aria-describedby=\"caption-attachment-1771\" decoding=\"async\" loading=\"lazy\" class=\"size-full wp-image-1771\" src=\"https:\/\/oscarjespers.com\/wp-content\/uploads\/2014\/03\/TABLEAU.jpg\" alt=\"Tableau \/ april\/mei 2014\" width=\"1627\" height=\"950\" srcset=\"https:\/\/oscarjespers.com\/wp-content\/uploads\/2014\/03\/TABLEAU.jpg 1627w, https:\/\/oscarjespers.com\/wp-content\/uploads\/2014\/03\/TABLEAU-300x175.jpg 300w, https:\/\/oscarjespers.com\/wp-content\/uploads\/2014\/03\/TABLEAU-1024x597.jpg 1024w\" sizes=\"(max-width: 1627px) 100vw, 1627px\" \/><\/a><p id=\"caption-attachment-1771\" class=\"wp-caption-text\"><em>Tableau Fine Arts Magazine<\/em> \/ avril-mai 2014<\/p><\/div>\n<p style=\"text-align: center;\"><a href=\"https:\/\/oscarjespers.com\/wp-content\/uploads\/2014\/03\/HeinKlaverTABLEAU_2014.pdf\">Visionner le pdf<\/a><\/p>\n<p><\/p>","protected":false},"excerpt":{"rendered":"<p>Dans les m\u00e9dias [divider line_type=\u00a0\u00bbFull Width Line\u00a0\u00bb custom_height=\u00a0\u00bb\u00a0\u00bb]Vous trouverez ci-dessous quelques articles sur Oscar Jespers parus r\u00e9cemment dans les m\u00e9dias.Souhaitez-vous publier quelque chose \u00e0 propos de l\u2019artiste\u00a0? Merci de nous&#8230;<\/p>\n","protected":false},"author":1,"featured_media":0,"parent":0,"menu_order":0,"comment_status":"open","ping_status":"open","template":"","meta":[],"aioseo_notices":[],"_links":{"self":[{"href":"https:\/\/oscarjespers.com\/fr\/wp-json\/wp\/v2\/pages\/1602"}],"collection":[{"href":"https:\/\/oscarjespers.com\/fr\/wp-json\/wp\/v2\/pages"}],"about":[{"href":"https:\/\/oscarjespers.com\/fr\/wp-json\/wp\/v2\/types\/page"}],"author":[{"embeddable":true,"href":"https:\/\/oscarjespers.com\/fr\/wp-json\/wp\/v2\/users\/1"}],"replies":[{"embeddable":true,"href":"https:\/\/oscarjespers.com\/fr\/wp-json\/wp\/v2\/comments?post=1602"}],"version-history":[{"count":33,"href":"https:\/\/oscarjespers.com\/fr\/wp-json\/wp\/v2\/pages\/1602\/revisions"}],"predecessor-version":[{"id":1906,"href":"https:\/\/oscarjespers.com\/fr\/wp-json\/wp\/v2\/pages\/1602\/revisions\/1906"}],"wp:attachment":[{"href":"https:\/\/oscarjespers.com\/fr\/wp-json\/wp\/v2\/media?parent=1602"}],"curies":[{"name":"wp","href":"https:\/\/api.w.org\/{rel}","templated":true}]}}